{"id":423,"date":"2019-10-28T11:17:54","date_gmt":"2019-10-28T11:17:54","guid":{"rendered":"https:\/\/foro2019.observalocal.com\/?page_id=423"},"modified":"2019-10-29T14:57:21","modified_gmt":"2019-10-29T14:57:21","slug":"programa","status":"publish","type":"page","link":"https:\/\/foro2019.observalocal.com\/?page_id=423","title":{"rendered":"Programa"},"content":{"rendered":"\n<p style=\"text-align:center\"><strong>VII FORO EMPLEO Y DESARROLLO LOCAL (PROGRAMA PROVISIONAL)<\/strong><\/p>\n\n\n\n<p style=\"text-align:center\">6 de noviembre de 2019 \u2013 Fac. CC. Trabajo. Universidad de Murcia<\/p>\n\n\n\n<h2><strong>MA\u00d1ANA<\/strong><\/h2>\n\n\n\n<p>PLANTA CERO<\/p>\n\n\n\n<p><strong>10:00 <\/strong><strong>Visita a los Expositores.<\/strong><\/p>\n\n\n\n<p><strong>10:30 Inauguraci\u00f3n.<\/strong><\/p>\n\n\n\n<p>\u2013 Manuela Mar\u00edn G\u00f3mez.\u00a0 Directora General de Dialogo Social y Bienestar. CARM. <\/p>\n\n\n\n<p>-Mercedes Bernab\u00e9, Concejala de Agenda Urbana y Gobierno Abierto del Ayuntamiento de Murcia. <\/p>\n\n\n\n<p>\u2013 Prudencio J. Riquelme Perea. Decano de la Facultad de Ciencias del Trabajo. <\/p>\n\n\n\n<p><strong>10:30- 13:30. <\/strong><strong>Feria de empleo.<\/strong><\/p>\n\n\n\n<p>Entidades y empresas mostrar\u00e1n sus actuaciones en materia de emprendimiento y empleo.<\/p>\n\n\n\n<p>SAL\u00d3N DE ACTOS<\/p>\n\n\n\n<p><strong>11:00 Proceso de Elaboraci\u00f3n de la Agenda Urbana Espa\u00f1ola<\/strong><\/p>\n\n\n\n<ul><li>Sonia Partal Hern\u00e1ndez. Subdirectora General Adjunta de Pol\u00edticas Urbanas. Ministerio de Fomento.<\/li><\/ul>\n\n\n\n<p><strong>11:45 Pausa<\/strong><\/p>\n\n\n\n<p><strong>12:00 Los municipios espa\u00f1oles y la implantaci\u00f3n de la Agenda Urbana<\/strong><\/p>\n\n\n\n<ul><li>Marta Rodr\u00edguez-Giron\u00e9s Arbol\u00ed. T\u00e9cnico del \u00c1rea de Urbanismo y Vivienda. Direcci\u00f3n de Coordinaci\u00f3n de Pol\u00edticas Locales. FEMP<\/li><li>Jos\u00e9 Ram\u00f3n Bergasa Pascual. Jefe de Unidad de Urbanismo y Servicios. Ayuntamiento de Alfaro.<\/li><\/ul>\n\n\n\n<p><strong>12:45 La Agenda Urbana Murcia 2030. <\/strong><\/p>\n\n\n\n<ul><li>Mercedes Bernab\u00e9, Concejala de Agenda Urbana y Gobierno Abierto del Ayuntamiento de Murcia. <\/li><\/ul>\n\n\n\n<p><strong>13:<\/strong><strong>30 Entrega de premios Desarrollo Local a cargo de Francisco Abril Ruiz (Director General de Administraci\u00f3n Local \u2013 CARM).<br>\n<\/strong><\/p>\n\n\n\n<p>\u2013 Mejor Agente de Empleo y Desarrollo Local<\/p>\n\n\n\n<p>\u2013 Mejor Proyecto de Empleo<\/p>\n\n\n\n<p>\u2013 Mejor Proyecto de Desarrollo Local<\/p>\n\n\n\n<p>\u2013 Mejor Instituci\u00f3n.<\/p>\n\n\n\n<h2><strong>TARDE<\/strong><\/h2>\n\n\n\n<p>SAL\u00d3N DE ACTOS<\/p>\n\n\n\n<p><strong>17:00 Desaf\u00edos de las pol\u00edticas de empleo y mercado de trabajo&nbsp; <\/strong><\/p>\n\n\n\n<ul><li>PSOE. Juan Luis Soto Burillo <\/li><li>Partido Popular. Francisco Mart\u00edn Bernab\u00e9 P\u00e9rez.<\/li><li> Unidas Podemos.<\/li><li> Ciudadanos. Jos\u00e9 Luis Mart\u00ednez Gonz\u00e1lez.<\/li><li> Vox. Joaqu\u00edn Robles L\u00f3pez. <\/li><\/ul>\n\n\n\n<p>Moderador: Prudencio J. Riquelme. Decano de la Facultad de Ciencias del Trabajo. <\/p>\n\n\n\n<p><strong>19:00 <\/strong><strong>Iniciativas y experiencias en orientaci\u00f3n e intermediaci\u00f3n laboral.<\/strong><\/p>\n","protected":false},"excerpt":{"rendered":"<p>VII FORO EMPLEO Y DESARROLLO LOCAL (PROGRAMA PROVISIONAL) 6 de noviembre de 2019 \u2013 Fac. CC. Trabajo. Universidad de Murcia MA\u00d1ANA PLANTA CERO 10:00 Visita a los Expositores. 10:30 Inauguraci\u00f3n. \u2013 Manuela Mar\u00edn G\u00f3mez.\u00a0 Directora General de Dialogo Social y Bienestar. CARM. -Mercedes Bernab\u00e9, Concejala de Agenda Urbana y Gobierno Abierto del Ayuntamiento de Murcia. &hellip; <\/p>\n<p class=\"link-more\"><a href=\"https:\/\/foro2019.observalocal.com\/?page_id=423\" class=\"more-link\">Continuar leyendo<span class=\"screen-reader-text\"> \u00abPrograma\u00bb<\/span><\/a><\/p>\n","protected":false},"author":1,"featured_media":0,"parent":0,"menu_order":0,"comment_status":"closed","ping_status":"closed","template":"","meta":{"_exactmetrics_skip_tracking":false,"_exactmetrics_sitenote_active":false,"_exactmetrics_sitenote_note":"","_exactmetrics_sitenote_category":0},"_links":{"self":[{"href":"https:\/\/foro2019.observalocal.com\/index.php?rest_route=\/wp\/v2\/pages\/423"}],"collection":[{"href":"https:\/\/foro2019.observalocal.com\/index.php?rest_route=\/wp\/v2\/pages"}],"about":[{"href":"https:\/\/foro2019.observalocal.com\/index.php?rest_route=\/wp\/v2\/types\/page"}],"author":[{"embeddable":true,"href":"https:\/\/foro2019.observalocal.com\/index.php?rest_route=\/wp\/v2\/users\/1"}],"replies":[{"embeddable":true,"href":"https:\/\/foro2019.observalocal.com\/index.php?rest_route=%2Fwp%2Fv2%2Fcomments&post=423"}],"version-history":[{"count":6,"href":"https:\/\/foro2019.observalocal.com\/index.php?rest_route=\/wp\/v2\/pages\/423\/revisions"}],"predecessor-version":[{"id":472,"href":"https:\/\/foro2019.observalocal.com\/index.php?rest_route=\/wp\/v2\/pages\/423\/revisions\/472"}],"wp:attachment":[{"href":"https:\/\/foro2019.observalocal.com\/index.php?rest_route=%2Fwp%2Fv2%2Fmedia&parent=423"}],"curies":[{"name":"wp","href":"https:\/\/api.w.org\/{rel}","templated":true}]}}